{"id":5140,"date":"2024-08-03T16:43:57","date_gmt":"2024-08-03T14:43:57","guid":{"rendered":"https:\/\/vapedschinni.com\/?post_type=product&#038;p=5140"},"modified":"2024-08-03T16:45:02","modified_gmt":"2024-08-03T14:45:02","slug":"elfbar-elfliq-nic-salts","status":"publish","type":"product","link":"https:\/\/vapedschinni.com\/?product=elfbar-elfliq-nic-salts","title":{"rendered":"Elfbar &#8211; ELFLIQ Nic Salts"},"content":{"rendered":"<div class=\"content--title\"><\/div>\n<div class=\"product--description\">\n<ul>\n<li>Marke: Elfbar<\/li>\n<li>Produkt: ElfLiq<\/li>\n<li>Mischung: 50 VG I 50 PG<\/li>\n<li>F\u00fcllmenge: 10ml<\/li>\n<li>Gr\u00f6\u00dfe: 75x20x20mm<\/li>\n<li>St\u00e4rke: 20mg<\/li>\n<\/ul>\n<p>Das Einweg-Dampfger\u00e4t Elf Bar 600 ist eines der meistverkauften Produkte auf dem Markt, das jetzt seine beliebtesten Frucht-, Menthol- und Tabakaromen in einer Reihe von 10 ml Nikotinsalzen freisetzt, die in den St\u00e4rken 10 mg und 20 mg erh\u00e4ltlich sind .<\/p>\n<p>Elf Bar Elfliq Nic Salts eignen sich am besten f\u00fcr Mouth-to-lung, Starter-Kits, Pod-Ger\u00e4te und Pod-Mod-Kits.<\/p>\n<p>Nic-Salze werden direkt aus dem nat\u00fcrlichen Tabakblatt extrahiert, anstatt traditionell mit einer Form von k\u00fcnstlichem Nikotin namens \u201eFree Base\u201c hergestellt zu werden.<\/p>\n<p>Freebase-Nikotin kann ziemlich im Hals dr\u00fccken und bei manchen Dampfern Unbehagen verursachen. Nic-Salze werden viel schneller vom K\u00f6rper aufgenommen als herk\u00f6mmliche E-Liquids.<\/p>\n<p>Dar\u00fcber hinaus verf\u00fcgen Nic-Salze nicht \u00fcber den gewohnten Nachgeschmack, sondern sind sehr entspannt zu dampfen.<\/p>\n<\/div>\n","protected":false},"excerpt":{"rendered":"<p>Das Einweg-Dampfger\u00e4t Elf Bar 600 ist eines der meistverkauften Produkte auf dem Markt, das jetzt seine beliebtesten Frucht-, Menthol- und Tabakaromen in einer Reihe von 10 ml Nikotinsalzen freisetzt, die in den St\u00e4rken 10 mg und 20 mg erh\u00e4ltlich sind .<\/p>\n","protected":false},"featured_media":5165,"comment_status":"open","ping_status":"closed","template":"","meta":[],"product_cat":[236],"product_tag":[],"class_list":{"0":"post-5140","1":"product","2":"type-product","3":"status-publish","4":"has-post-thumbnail","6":"product_cat-elfbar","8":"first","9":"instock","10":"shipping-taxable","11":"purchasable","12":"product-type-variable","13":"col-xs-6 col-sm-4","14":"col-md-3 col-lg-3","15":"un-4-cols"},"_links":{"self":[{"href":"https:\/\/vapedschinni.com\/index.php?rest_route=\/wp\/v2\/product\/5140","targetHints":{"allow":["GET"]}}],"collection":[{"href":"https:\/\/vapedschinni.com\/index.php?rest_route=\/wp\/v2\/product"}],"about":[{"href":"https:\/\/vapedschinni.com\/index.php?rest_route=\/wp\/v2\/types\/product"}],"replies":[{"embeddable":true,"href":"https:\/\/vapedschinni.com\/index.php?rest_route=%2Fwp%2Fv2%2Fcomments&post=5140"}],"wp:featuredmedia":[{"embeddable":true,"href":"https:\/\/vapedschinni.com\/index.php?rest_route=\/wp\/v2\/media\/5165"}],"wp:attachment":[{"href":"https:\/\/vapedschinni.com\/index.php?rest_route=%2Fwp%2Fv2%2Fmedia&parent=5140"}],"wp:term":[{"taxonomy":"product_cat","embeddable":true,"href":"https:\/\/vapedschinni.com\/index.php?rest_route=%2Fwp%2Fv2%2Fproduct_cat&post=5140"},{"taxonomy":"product_tag","embeddable":true,"href":"https:\/\/vapedschinni.com\/index.php?rest_route=%2Fwp%2Fv2%2Fproduct_tag&post=5140"}],"curies":[{"name":"wp","href":"https:\/\/api.w.org\/{rel}","templated":true}]}}