{"id":5054,"date":"2024-08-01T12:03:57","date_gmt":"2024-08-01T10:03:57","guid":{"rendered":"https:\/\/vapedschinni.com\/?post_type=product&#038;p=5054"},"modified":"2024-08-01T12:04:10","modified_gmt":"2024-08-01T10:04:10","slug":"venookah-27er-original","status":"publish","type":"product","link":"https:\/\/vapedschinni.com\/?product=venookah-27er-original","title":{"rendered":"VENOOKAH &#8211; 27er Original"},"content":{"rendered":"<div class=\"desc\">\n<p><strong>27er Original: Premium Shishakohle f\u00fcr unvergessliche Momente<\/strong><\/p>\n<p><strong>Entdecke die ultimative Shishakohle f\u00fcr ein geschmacksintensives und langanhaltendes Erlebnis!<\/strong><\/p>\n<p>Die 27er Original Shishakohle aus Kokosnussschalen \u00fcberzeugt durch h\u00f6chste Qualit\u00e4t und Nat\u00fcrlichkeit.<\/p>\n<p>Hergestellt ohne chemische Zus\u00e4tze, garantiert sie puren Shisha-Genuss ohne st\u00f6renden Geschmack oder Geruch.<\/p>\n<p><strong>H\u00f6chste Premiumqualit\u00e4t:<\/strong><\/p>\n<ul>\n<li>Aus ausgew\u00e4hlten Kokosnussschalen hergestellt<\/li>\n<li>27mm W\u00fcrfel f\u00fcr optimale Hitzeverteilung<\/li>\n<li>Lange Brenndauer von bis zu 90 Minuten<\/li>\n<li>Hohe Hitzeentwicklung f\u00fcr perfekten Rauch<\/li>\n<\/ul>\n<p><strong>Geschmacksneutral und geruchsarm:<\/strong><\/p>\n<ul>\n<li>Genie\u00dfe den puren Geschmack deines Tabaks<\/li>\n<li>Keine st\u00f6renden Aromen oder Ger\u00fcche<\/li>\n<li>Perfekt f\u00fcr alle Tabaksorten<\/li>\n<\/ul>\n<p><strong>Weniger Rauch, mehr Geschmack:<\/strong><\/p>\n<ul>\n<li>Reduzierte Rauchentwicklung f\u00fcr ein angenehmes Raucherlebnis<\/li>\n<li>Minimale Ascher\u00fcckst\u00e4nde f\u00fcr einfaches Handling<\/li>\n<li>Saubere Verbrennung<\/li>\n<\/ul>\n<p><strong>Bruchresistent und langlebig:<\/strong><\/p>\n<ul>\n<li>Stabile Kohlew\u00fcrfel, die beim Transport nicht zerbrechen<\/li>\n<li>Lange Lagerf\u00e4higkeit ohne Qualit\u00e4tsverlust<\/li>\n<\/ul>\n<p><strong>Made in Indonesien:<\/strong><\/p>\n<ul>\n<li>Nachhaltige Produktion unter fairen Bedingungen<\/li>\n<li>Strenge Qualit\u00e4tskontrollen f\u00fcr ein perfektes Produkt<\/li>\n<\/ul>\n<p><strong>27er Original \u2013 die perfekte Shishakohle f\u00fcr alle Genie\u00dfer:<\/strong><\/p>\n<ul>\n<li>Ob Anf\u00e4nger oder Profi, die 27er Original Kohle \u00fcberzeugt auf ganzer Linie<\/li>\n<li>Ideal f\u00fcr gem\u00fctliche Runden mit Freunden oder Familie<\/li>\n<li>Perfekt f\u00fcr jede Shisha und jeden Tabak<\/li>\n<\/ul>\n<p><strong>Entdecke jetzt die 27er Original Shishakohle und erlebe unvergessliche Momente!<\/strong><\/p>\n<p><strong>Bestelle jetzt und profitiere von unserer schnellen Lieferung und sicheren Zahlung!<\/strong><\/p>\n<\/div>\n<div class=\"product-attributes\">\n<table class=\"table table-sm table-striped table-bordered-outline\">\n<tbody>\n<tr>\n<td class=\"h6\">Versandgewicht:<\/td>\n<td class=\"weight-unit\">1,00 kg<\/td>\n<\/tr>\n<tr class=\"attr-weight\">\n<td class=\"h6\">Artikelgewicht:<\/td>\n<td class=\"weight-unit\">1,00\u00a0kg<\/td>\n<\/tr>\n<tr class=\"attr-contents\">\n<td class=\"h6\">Inhalt:<\/td>\n<td class=\"attr-value\">1,00 kg<\/td>\n<\/tr>\n<\/tbody>\n<\/table>\n<\/div>\n","protected":false},"excerpt":{"rendered":"<p>Die 27er Kohle aus dem Hause Venookah \u00fcberzeugt durch langanhaltende Hitze und wenig Asche.<\/p>\n","protected":false},"featured_media":5055,"comment_status":"open","ping_status":"closed","template":"","meta":[],"product_cat":[15],"product_tag":[],"class_list":{"0":"post-5054","1":"product","2":"type-product","3":"status-publish","4":"has-post-thumbnail","6":"product_cat-unkategorisiert","8":"first","9":"instock","10":"shipping-taxable","11":"purchasable","12":"product-type-simple","13":"col-xs-6 col-sm-4","14":"col-md-3 col-lg-3","15":"un-4-cols"},"_links":{"self":[{"href":"https:\/\/vapedschinni.com\/index.php?rest_route=\/wp\/v2\/product\/5054","targetHints":{"allow":["GET"]}}],"collection":[{"href":"https:\/\/vapedschinni.com\/index.php?rest_route=\/wp\/v2\/product"}],"about":[{"href":"https:\/\/vapedschinni.com\/index.php?rest_route=\/wp\/v2\/types\/product"}],"replies":[{"embeddable":true,"href":"https:\/\/vapedschinni.com\/index.php?rest_route=%2Fwp%2Fv2%2Fcomments&post=5054"}],"wp:featuredmedia":[{"embeddable":true,"href":"https:\/\/vapedschinni.com\/index.php?rest_route=\/wp\/v2\/media\/5055"}],"wp:attachment":[{"href":"https:\/\/vapedschinni.com\/index.php?rest_route=%2Fwp%2Fv2%2Fmedia&parent=5054"}],"wp:term":[{"taxonomy":"product_cat","embeddable":true,"href":"https:\/\/vapedschinni.com\/index.php?rest_route=%2Fwp%2Fv2%2Fproduct_cat&post=5054"},{"taxonomy":"product_tag","embeddable":true,"href":"https:\/\/vapedschinni.com\/index.php?rest_route=%2Fwp%2Fv2%2Fproduct_tag&post=5054"}],"curies":[{"name":"wp","href":"https:\/\/api.w.org\/{rel}","templated":true}]}}