{"id":5052,"date":"2024-08-01T11:55:54","date_gmt":"2024-08-01T09:55:54","guid":{"rendered":"https:\/\/vapedschinni.com\/?post_type=product&#038;p=5052"},"modified":"2024-08-01T11:55:54","modified_gmt":"2024-08-01T09:55:54","slug":"warheads-galactic-mix-cubes-99g","status":"publish","type":"product","link":"https:\/\/vapedschinni.com\/?product=warheads-galactic-mix-cubes-99g","title":{"rendered":"WARHEADS GALACTIC MIX CUBES 99G"},"content":{"rendered":"<div class=\"desc\">\n<p><u><strong>Zutaten:<\/strong><\/u><\/p>\n<p>Maissirup*, Zucker*, mikroverkapselte Apfels\u00e4ure (Apfels\u00e4ure (E296), geh\u00e4rtetes Palm\u00f6l), Citronens\u00e4ure (E330), Gummi Arabicum (E414), SOJABOHNEN\u00d6L*, Ascorbins\u00e4ure (Vitamin C), k\u00fcnstliche Aromen, Carnaubawachs (E903), Maisst\u00e4rke*, Farbstoff (E133, E129**, E102).<\/p>\n<p>*Hergestellt aus gentechnisch ver\u00e4ndertem SOJA, Zuckerr\u00fcben und Mais.<\/p>\n<p>**Kann die Aufmerksamkeit von Kindern beeintr\u00e4chtigen.<\/p>\n<p>Hergestellt in einer Anlage die auch Soja und Milch verarbeitet.<\/p>\n<table class=\"nutrition_table margin-bottom table table-striped table-bordered\">\n<caption>N\u00e4hrwerttabelle pro 100g<\/caption>\n<tbody>\n<tr>\n<td>Energie:<\/td>\n<td>1570\u00a0kJ \/\u00a0375 kcal<\/td>\n<\/tr>\n<tr>\n<td>Fett:<\/td>\n<td>0\u00a0g<\/td>\n<\/tr>\n<tr>\n<td>davon ges. Fetts\u00e4uren:<\/td>\n<td>0\u00a0g<\/td>\n<\/tr>\n<tr>\n<td>Kohlenhydrate:<\/td>\n<td>93\u00a0g<\/td>\n<\/tr>\n<tr>\n<td>davon Zucker:<\/td>\n<td>65\u00a0g<\/td>\n<\/tr>\n<tr>\n<td>Eiwei\u00df:<\/td>\n<td>0\u00a0g<\/td>\n<\/tr>\n<tr>\n<td>Salz:<\/td>\n<td>0,06\u00a0g<\/td>\n<\/tr>\n<tr>\n<td>Herkunftsland<\/td>\n<td>USA \/ Vereinigte Staaten von Amerika<\/td>\n<\/tr>\n<\/tbody>\n<\/table>\n<p>&nbsp;<\/p>\n<\/div>\n<div class=\"product-attributes\">\n<table class=\"table table-sm table-striped table-bordered-outline\">\n<tbody>\n<tr>\n<td class=\"h6\">Versandgewicht:<\/td>\n<td class=\"weight-unit\">0,11 kg<\/td>\n<\/tr>\n<tr class=\"attr-weight\">\n<td class=\"h6\">Artikelgewicht:<\/td>\n<td class=\"weight-unit\">0,10\u00a0kg<\/td>\n<\/tr>\n<tr class=\"attr-contents\">\n<td class=\"h6\">Inhalt:<\/td>\n<td class=\"attr-value\">99,00 g<\/td>\n<\/tr>\n<\/tbody>\n<\/table>\n<\/div>\n","protected":false},"excerpt":{"rendered":"<p>Warheads Galactic Mix Cubes!\u00a0Hierbei handelt es sich um Sauer gezuckerte\u00a0Kaubonbons mit Fruchtgeschmack, die so sauer sind das deine Melone zuckt(Kopf). In der Packung sind folgende Geschmacksrichtungen: Fruchtige Kaubonbons mit Black Hole Cherry, Rocket Rasoberry und Cosmic Punch .\u00a0Perfekt f\u00fcr unterwegs da es in jede Tasche gut reinpasst.<\/p>\n","protected":false},"featured_media":5053,"comment_status":"open","ping_status":"closed","template":"","meta":[],"product_cat":[233],"product_tag":[],"class_list":{"0":"post-5052","1":"product","2":"type-product","3":"status-publish","4":"has-post-thumbnail","6":"product_cat-suessigkeiten","8":"first","9":"instock","10":"shipping-taxable","11":"purchasable","12":"product-type-simple","13":"col-xs-6 col-sm-4","14":"col-md-3 col-lg-3","15":"un-4-cols"},"_links":{"self":[{"href":"https:\/\/vapedschinni.com\/index.php?rest_route=\/wp\/v2\/product\/5052","targetHints":{"allow":["GET"]}}],"collection":[{"href":"https:\/\/vapedschinni.com\/index.php?rest_route=\/wp\/v2\/product"}],"about":[{"href":"https:\/\/vapedschinni.com\/index.php?rest_route=\/wp\/v2\/types\/product"}],"replies":[{"embeddable":true,"href":"https:\/\/vapedschinni.com\/index.php?rest_route=%2Fwp%2Fv2%2Fcomments&post=5052"}],"wp:featuredmedia":[{"embeddable":true,"href":"https:\/\/vapedschinni.com\/index.php?rest_route=\/wp\/v2\/media\/5053"}],"wp:attachment":[{"href":"https:\/\/vapedschinni.com\/index.php?rest_route=%2Fwp%2Fv2%2Fmedia&parent=5052"}],"wp:term":[{"taxonomy":"product_cat","embeddable":true,"href":"https:\/\/vapedschinni.com\/index.php?rest_route=%2Fwp%2Fv2%2Fproduct_cat&post=5052"},{"taxonomy":"product_tag","embeddable":true,"href":"https:\/\/vapedschinni.com\/index.php?rest_route=%2Fwp%2Fv2%2Fproduct_tag&post=5052"}],"curies":[{"name":"wp","href":"https:\/\/api.w.org\/{rel}","templated":true}]}}