{"id":5045,"date":"2024-08-01T11:50:53","date_gmt":"2024-08-01T09:50:53","guid":{"rendered":"https:\/\/vapedschinni.com\/?post_type=product&#038;p=5045"},"modified":"2024-10-10T21:02:34","modified_gmt":"2024-10-10T19:02:34","slug":"kinder-schoko-bons-crispy","status":"publish","type":"product","link":"https:\/\/vapedschinni.com\/?product=kinder-schoko-bons-crispy","title":{"rendered":"KINDER SCHOKO BONS CRISPY"},"content":{"rendered":"<h1>Kinder Schoko Bons Crispy 22.4g<\/h1>\n<p>Die beliebten Crispy Schoko Bons sind endlich da! Cremige Milchcreme vereint mit bester Haselnusscreme eingeschlossen in einen Crispy Mantel was will man mehr? Wer sie kennt, liebt sie wer sie nicht kennt, wird lieben lernen. Die limitierten Schoko Bons Crispy sind sehr beliebt und vergehen auf der Zunge! Diese runden knusprigen Schokokugeln kommen aus Dubai und sollte jeder probiert haben.<\/p>\n<p><u><strong>Zutaten:<\/strong><\/u><\/p>\n<p>Zucker, pflanzliches Fett (Palme), Milchschokolade (18%), (Zucker, Kakaobutter, Milchpulver, Kakaomasse, Emulgatoren: Lecithine [Soja \/ Sonnenblume], Aroma: nat\u00fcrliches identisches Vanillin), Magermilchpulver, Weizenmehl, fettreduziertes Kakaopulver, Weizenst\u00e4rke, Molkenproteine, Pflanzen\u00f6l (Sonnenblume), Triebmittel (Ammoniumbicarbonat, Natriumbicarbonat), Emulgatoren (Lecithine [Soja \/ Sonnenblume]), Gerstenmalzextrakt, Aroma (nat\u00fcrliches identisches Vanillin, nat\u00fcrliche identische Haselnuss) ), Salz.<\/p>\n<p><strong><u>Allergene:<\/u><\/strong><\/p>\n<p>Milch, Weizen, Vanillin, Haseln\u00fcsse, Gerste, Sonnenblume<\/p>\n<table class=\"nutrition_table margin-bottom table table-striped table-bordered\">\n<caption>N\u00e4hrwerttabelle pro 100g<\/caption>\n<tbody>\n<tr>\n<td>Energie:<\/td>\n<td>2205\u00a0kJ \/\u00a0527 kcal<\/td>\n<\/tr>\n<tr>\n<td>Fett:<\/td>\n<td>28,5\u00a0g<\/td>\n<\/tr>\n<tr>\n<td>davon ges. Fetts\u00e4uren:<\/td>\n<td>14 g<\/td>\n<\/tr>\n<tr>\n<td>Kohlenhydrate:<\/td>\n<td>59,2\u00a0g<\/td>\n<\/tr>\n<tr>\n<td>davon Zucker:<\/td>\n<td>50,7\u00a0g<\/td>\n<\/tr>\n<tr>\n<td>Eiwei\u00df:<\/td>\n<td>7,5\u00a0g<\/td>\n<\/tr>\n<tr>\n<td>Salz:<\/td>\n<td>0,3\u00a0g<\/td>\n<\/tr>\n<tr>\n<td>Herkunftsland<\/td>\n<td>\u200eVereinigte Arabische Emirate<\/td>\n<\/tr>\n<\/tbody>\n<\/table>\n","protected":false},"excerpt":{"rendered":"<p>Die beliebten Crispy Schoko Bons sind endlich da! Cremige Milchcreme vereint mit bester Haselnusscreme eingeschlossen in einen Crispy Mantel was will man mehr?<\/p>\n","protected":false},"featured_media":5046,"comment_status":"open","ping_status":"closed","template":"","meta":[],"product_cat":[233],"product_tag":[],"class_list":{"0":"post-5045","1":"product","2":"type-product","3":"status-publish","4":"has-post-thumbnail","6":"product_cat-suessigkeiten","8":"first","9":"outofstock","10":"shipping-taxable","11":"purchasable","12":"product-type-simple","13":"col-xs-6 col-sm-4","14":"col-md-3 col-lg-3","15":"un-4-cols"},"_links":{"self":[{"href":"https:\/\/vapedschinni.com\/index.php?rest_route=\/wp\/v2\/product\/5045","targetHints":{"allow":["GET"]}}],"collection":[{"href":"https:\/\/vapedschinni.com\/index.php?rest_route=\/wp\/v2\/product"}],"about":[{"href":"https:\/\/vapedschinni.com\/index.php?rest_route=\/wp\/v2\/types\/product"}],"replies":[{"embeddable":true,"href":"https:\/\/vapedschinni.com\/index.php?rest_route=%2Fwp%2Fv2%2Fcomments&post=5045"}],"wp:featuredmedia":[{"embeddable":true,"href":"https:\/\/vapedschinni.com\/index.php?rest_route=\/wp\/v2\/media\/5046"}],"wp:attachment":[{"href":"https:\/\/vapedschinni.com\/index.php?rest_route=%2Fwp%2Fv2%2Fmedia&parent=5045"}],"wp:term":[{"taxonomy":"product_cat","embeddable":true,"href":"https:\/\/vapedschinni.com\/index.php?rest_route=%2Fwp%2Fv2%2Fproduct_cat&post=5045"},{"taxonomy":"product_tag","embeddable":true,"href":"https:\/\/vapedschinni.com\/index.php?rest_route=%2Fwp%2Fv2%2Fproduct_tag&post=5045"}],"curies":[{"name":"wp","href":"https:\/\/api.w.org\/{rel}","templated":true}]}}