{"id":5043,"date":"2024-08-01T11:48:42","date_gmt":"2024-08-01T09:48:42","guid":{"rendered":"https:\/\/vapedschinni.com\/?post_type=product&#038;p=5043"},"modified":"2024-08-01T11:51:20","modified_gmt":"2024-08-01T09:51:20","slug":"calypso-kiwi-lemonade","status":"publish","type":"product","link":"https:\/\/vapedschinni.com\/?product=calypso-kiwi-lemonade","title":{"rendered":"Calypso &#8211; Kiwi Lemonade"},"content":{"rendered":"<div class=\"desc\">\n<h2>Calypso &#8211; Kiwi Lemonade &#8211; Glasflasche &#8211; 473 ml<\/h2>\n<p>Eine sehr erfrischende Kiwi Limonade, die zu den meist verkauften Sorten\u00a0von Calypso geh\u00f6rt.<\/p>\n<p><u><strong>Die Geschichte der Calypso<\/strong><\/u><\/p>\n<p>Das Original Calypso Rezept entstand 1985 in Milwaukee, Wisconsins (USA am See Michigan)<br \/>\nvom Besitzer der King Juice Company Inc. Die Idee war simpel &#8211; eine authentische und leckere<br \/>\nLimonade aus echten Zitronen und echtem Zucker zu kreieren.<\/p>\n<p>Im Jahre 2000 wurde der Limonade, den Namen &#8220;<em>Calypso<\/em>&#8221; gegeben &#8211; inspiriert von den Fr\u00fcchten,<br \/>\ndem Geschmack und dem Geist der Inseln.<\/p>\n<p>Bis hin zum heutigen Tag, sind ein dutzend Limonaden Sorten verf\u00fcgbar.<br \/>\nAlles basierend auf dem Original Rezept von 1985.<\/p>\n<p>Jede Sorte wird hergestellt aus echten Zitronen oder Limettenst\u00fcckchen und<br \/>\nn\u00e4t\u00fcrlichen Aromen &#8211; Mit Fokus auf die Qualit\u00e4t der Limonade.<\/p>\n<p>Hol Dir jetzt die weltweit bekannte Calypso Limonade und \u00fcberzeug Dich Selbst, von dem<br \/>\nn\u00e4t\u00fcrlichen und authentischen Geschmack bei Unicat Candy.<\/p>\n<p><u><strong>Zutaten:<\/strong><\/u>\u00a0Filtriertes Wasser, Zucker, Zitronensaftkonzentrat, Kiwi-Saftkonzentrat, Zitronens\u00e4ure, Zitronenfruchtpulpe, nat\u00fcrliche Aromen, modifizierte Lebensmittel St\u00e4rke, Natriumcitrat, E105, E133, EDTA zum Schutz der Farbe<\/p>\n<table class=\"nutrition_table margin-bottom table table-striped table-bordered\">\n<caption>N\u00e4hrwerttabelle pro 100ml<\/caption>\n<tbody>\n<tr>\n<td>Energie:<\/td>\n<td>211,85\u00a0kJ \/\u00a050,6 kcal<\/td>\n<\/tr>\n<tr>\n<td>Fett:<\/td>\n<td>0\u00a0g<\/td>\n<\/tr>\n<tr>\n<td>davon ges\u00e4ttigte Fetts\u00e4uren:<\/td>\n<td>0\u00a0g<\/td>\n<\/tr>\n<tr>\n<td>Kohlenhydrate:<\/td>\n<td>12,2\u00a0g<\/td>\n<\/tr>\n<tr>\n<td>davon Zucker:<\/td>\n<td>11,4\u00a0g<\/td>\n<\/tr>\n<tr>\n<td>Eiwei\u00df:<\/td>\n<td>0\u00a0g<\/td>\n<\/tr>\n<tr>\n<td>Salz:<\/td>\n<td>8,4\u00a0mg<\/td>\n<\/tr>\n<tr>\n<td>Herkunftsland:<\/td>\n<td>USA \/ Vereinigte Staaten von Amerika<\/td>\n<\/tr>\n<tr>\n<td>Inverkehrbringer:<\/td>\n<td><\/td>\n<\/tr>\n<\/tbody>\n<\/table>\n<\/div>\n<div class=\"product-attributes\"><\/div>\n","protected":false},"excerpt":{"rendered":"<p>Das Original Calypso Rezept entstand 1985 in Milwaukee, Wisconsins (USA am See Michigan)<br \/>\nvom Besitzer der King Juice Company Inc. Die Idee war simpel &#8211; eine authentische und leckere<br \/>\nLimonade aus echten Zitronen und echtem Zucker zu kreieren.<\/p>\n","protected":false},"featured_media":5044,"comment_status":"open","ping_status":"closed","template":"","meta":[],"product_cat":[234],"product_tag":[],"class_list":{"0":"post-5043","1":"product","2":"type-product","3":"status-publish","4":"has-post-thumbnail","6":"product_cat-getraenke","8":"first","9":"instock","10":"shipping-taxable","11":"purchasable","12":"product-type-simple","13":"col-xs-6 col-sm-4","14":"col-md-3 col-lg-3","15":"un-4-cols"},"_links":{"self":[{"href":"https:\/\/vapedschinni.com\/index.php?rest_route=\/wp\/v2\/product\/5043","targetHints":{"allow":["GET"]}}],"collection":[{"href":"https:\/\/vapedschinni.com\/index.php?rest_route=\/wp\/v2\/product"}],"about":[{"href":"https:\/\/vapedschinni.com\/index.php?rest_route=\/wp\/v2\/types\/product"}],"replies":[{"embeddable":true,"href":"https:\/\/vapedschinni.com\/index.php?rest_route=%2Fwp%2Fv2%2Fcomments&post=5043"}],"wp:featuredmedia":[{"embeddable":true,"href":"https:\/\/vapedschinni.com\/index.php?rest_route=\/wp\/v2\/media\/5044"}],"wp:attachment":[{"href":"https:\/\/vapedschinni.com\/index.php?rest_route=%2Fwp%2Fv2%2Fmedia&parent=5043"}],"wp:term":[{"taxonomy":"product_cat","embeddable":true,"href":"https:\/\/vapedschinni.com\/index.php?rest_route=%2Fwp%2Fv2%2Fproduct_cat&post=5043"},{"taxonomy":"product_tag","embeddable":true,"href":"https:\/\/vapedschinni.com\/index.php?rest_route=%2Fwp%2Fv2%2Fproduct_tag&post=5043"}],"curies":[{"name":"wp","href":"https:\/\/api.w.org\/{rel}","templated":true}]}}