{"id":5006,"date":"2024-08-01T10:39:56","date_gmt":"2024-08-01T08:39:56","guid":{"rendered":"https:\/\/vapedschinni.com\/?post_type=product&#038;p=5006"},"modified":"2024-10-10T20:59:11","modified_gmt":"2024-10-10T18:59:11","slug":"vape-with-a-bang-30000","status":"publish","type":"product","link":"https:\/\/vapedschinni.com\/?product=vape-with-a-bang-30000","title":{"rendered":"Vape with a Bang &#8211; 30000"},"content":{"rendered":"<h2>Bang 30000 Puffs \u2013 Funktionen:<\/h2>\n<p>Z\u00fcge: 30000 Z\u00fcge<br \/>\nKern: Mesh Coil 1,0 Ohm<br \/>\nE-Liquid: 36 ml<br \/>\nNikotin: 0 %\/ 2 %\/ 3 %\/ 5 %<br \/>\nAkku: 550 mAh<br \/>\nWiederaufladbar: Typ C<br \/>\nLCD-Digitalanzeige<br \/>\nDoppelter Geschmack<\/p>\n<h2>Bang 30k Puffs \u2013 Geschmack:<\/h2>\n<p>1, Blueberry Raspberry<\/p>\n","protected":false},"excerpt":{"rendered":"<div class=\"woocommerce-product-details__short-description\">\n<p>Bang 30000 Puffs Double Taste Disposable Vape, ein hochmodernes Ger\u00e4t f\u00fcr den ultimativen Dampfgenuss. Mit erstaunlichen 30000 Z\u00fcgen gew\u00e4hrleistet dieser Einweg-Vape-Pen eine langanhaltende Nutzung und ist damit die perfekte Wahl f\u00fcr begeisterte Dampfer.<\/p>\n<\/div>\n","protected":false},"featured_media":5007,"comment_status":"open","ping_status":"closed","template":"","meta":[],"product_cat":[226],"product_tag":[],"class_list":{"0":"post-5006","1":"product","2":"type-product","3":"status-publish","4":"has-post-thumbnail","6":"product_cat-vape-with-me","8":"first","9":"outofstock","10":"shipping-taxable","11":"purchasable","12":"product-type-simple","13":"col-xs-6 col-sm-4","14":"col-md-3 col-lg-3","15":"un-4-cols"},"_links":{"self":[{"href":"https:\/\/vapedschinni.com\/index.php?rest_route=\/wp\/v2\/product\/5006","targetHints":{"allow":["GET"]}}],"collection":[{"href":"https:\/\/vapedschinni.com\/index.php?rest_route=\/wp\/v2\/product"}],"about":[{"href":"https:\/\/vapedschinni.com\/index.php?rest_route=\/wp\/v2\/types\/product"}],"replies":[{"embeddable":true,"href":"https:\/\/vapedschinni.com\/index.php?rest_route=%2Fwp%2Fv2%2Fcomments&post=5006"}],"wp:featuredmedia":[{"embeddable":true,"href":"https:\/\/vapedschinni.com\/index.php?rest_route=\/wp\/v2\/media\/5007"}],"wp:attachment":[{"href":"https:\/\/vapedschinni.com\/index.php?rest_route=%2Fwp%2Fv2%2Fmedia&parent=5006"}],"wp:term":[{"taxonomy":"product_cat","embeddable":true,"href":"https:\/\/vapedschinni.com\/index.php?rest_route=%2Fwp%2Fv2%2Fproduct_cat&post=5006"},{"taxonomy":"product_tag","embeddable":true,"href":"https:\/\/vapedschinni.com\/index.php?rest_route=%2Fwp%2Fv2%2Fproduct_tag&post=5006"}],"curies":[{"name":"wp","href":"https:\/\/api.w.org\/{rel}","templated":true}]}}