{"id":4785,"date":"2024-07-24T06:39:49","date_gmt":"2024-07-24T04:39:49","guid":{"rendered":"https:\/\/vapedschinni.com\/?post_type=product&#038;p=4785"},"modified":"2024-07-24T07:53:15","modified_gmt":"2024-07-24T05:53:15","slug":"deluxe-bar-berry-ice","status":"publish","type":"product","link":"https:\/\/vapedschinni.com\/?product=deluxe-bar-berry-ice","title":{"rendered":"DELUXE BAR &#8211; Berry Ice"},"content":{"rendered":"<p>Genie\u00dfen Sie die k\u00fchle Frische von Berry Ice mit der Deluxe Bar Vape. Diese Geschmacksrichtung bietet eine erfrischende Mischung aus verschiedenen Beeren, abgerundet mit einem Hauch von Menthol. Mit bis zu 18000 Z\u00fcgen bietet diese Einweg-E-Zigarette langanhaltenden Genuss ohne Nachf\u00fcllen oder Aufladen.<\/p>\n<p>&nbsp;<\/p>\n","protected":false},"excerpt":{"rendered":"<p>Erfrischende Beerenmischung mit k\u00fchlem Menthol-Nachgeschmack. Bis zu 18000 Z\u00fcge f\u00fcr langanhaltenden Fruchtgenuss.<\/p>\n<p>&nbsp;<\/p>\n","protected":false},"featured_media":0,"comment_status":"open","ping_status":"closed","template":"","meta":[],"product_cat":[222],"product_tag":[],"class_list":{"0":"post-4785","1":"product","2":"type-product","3":"status-publish","5":"product_cat-deluxe-bar","7":"first","8":"instock","9":"sale","10":"shipping-taxable","11":"purchasable","12":"product-type-simple","13":"col-xs-6 col-sm-4","14":"col-md-3 col-lg-3","15":"un-4-cols"},"_links":{"self":[{"href":"https:\/\/vapedschinni.com\/index.php?rest_route=\/wp\/v2\/product\/4785","targetHints":{"allow":["GET"]}}],"collection":[{"href":"https:\/\/vapedschinni.com\/index.php?rest_route=\/wp\/v2\/product"}],"about":[{"href":"https:\/\/vapedschinni.com\/index.php?rest_route=\/wp\/v2\/types\/product"}],"replies":[{"embeddable":true,"href":"https:\/\/vapedschinni.com\/index.php?rest_route=%2Fwp%2Fv2%2Fcomments&post=4785"}],"wp:attachment":[{"href":"https:\/\/vapedschinni.com\/index.php?rest_route=%2Fwp%2Fv2%2Fmedia&parent=4785"}],"wp:term":[{"taxonomy":"product_cat","embeddable":true,"href":"https:\/\/vapedschinni.com\/index.php?rest_route=%2Fwp%2Fv2%2Fproduct_cat&post=4785"},{"taxonomy":"product_tag","embeddable":true,"href":"https:\/\/vapedschinni.com\/index.php?rest_route=%2Fwp%2Fv2%2Fproduct_tag&post=4785"}],"curies":[{"name":"wp","href":"https:\/\/api.w.org\/{rel}","templated":true}]}}