{"id":4784,"date":"2024-07-24T06:39:21","date_gmt":"2024-07-24T04:39:21","guid":{"rendered":"https:\/\/vapedschinni.com\/?post_type=product&#038;p=4784"},"modified":"2024-07-24T07:53:05","modified_gmt":"2024-07-24T05:53:05","slug":"deluxe-bar-blueberry-gum","status":"publish","type":"product","link":"https:\/\/vapedschinni.com\/?product=deluxe-bar-blueberry-gum","title":{"rendered":"DELUXE BAR &#8211; Blueberry Gum"},"content":{"rendered":"<p>Erleben Sie die frische Kombination von Blaubeeren und Kaugummi mit der Deluxe Bar Vape in der Geschmacksrichtung Blueberry Gum. Diese Einweg-E-Zigarette bietet bis zu 18000 Z\u00fcge eines s\u00fc\u00dfen und erfrischenden Dampferlebnisses. Ideal f\u00fcr unterwegs und einfach zu nutzen ohne Nachf\u00fcllen oder Aufladen.<\/p>\n<p>&nbsp;<\/p>\n","protected":false},"excerpt":{"rendered":"<p>Frische Blaubeeren kombiniert mit Kaugummi-Geschmack. Bis zu 18000 Z\u00fcge f\u00fcr s\u00fc\u00dfen Dampfgenuss.<\/p>\n<p>&nbsp;<\/p>\n","protected":false},"featured_media":0,"comment_status":"open","ping_status":"closed","template":"","meta":[],"product_cat":[222],"product_tag":[],"class_list":{"0":"post-4784","1":"product","2":"type-product","3":"status-publish","5":"product_cat-deluxe-bar","7":"first","8":"instock","9":"sale","10":"shipping-taxable","11":"purchasable","12":"product-type-simple","13":"col-xs-6 col-sm-4","14":"col-md-3 col-lg-3","15":"un-4-cols"},"_links":{"self":[{"href":"https:\/\/vapedschinni.com\/index.php?rest_route=\/wp\/v2\/product\/4784","targetHints":{"allow":["GET"]}}],"collection":[{"href":"https:\/\/vapedschinni.com\/index.php?rest_route=\/wp\/v2\/product"}],"about":[{"href":"https:\/\/vapedschinni.com\/index.php?rest_route=\/wp\/v2\/types\/product"}],"replies":[{"embeddable":true,"href":"https:\/\/vapedschinni.com\/index.php?rest_route=%2Fwp%2Fv2%2Fcomments&post=4784"}],"wp:attachment":[{"href":"https:\/\/vapedschinni.com\/index.php?rest_route=%2Fwp%2Fv2%2Fmedia&parent=4784"}],"wp:term":[{"taxonomy":"product_cat","embeddable":true,"href":"https:\/\/vapedschinni.com\/index.php?rest_route=%2Fwp%2Fv2%2Fproduct_cat&post=4784"},{"taxonomy":"product_tag","embeddable":true,"href":"https:\/\/vapedschinni.com\/index.php?rest_route=%2Fwp%2Fv2%2Fproduct_tag&post=4784"}],"curies":[{"name":"wp","href":"https:\/\/api.w.org\/{rel}","templated":true}]}}