{"id":4781,"date":"2024-07-24T06:37:31","date_gmt":"2024-07-24T04:37:31","guid":{"rendered":"https:\/\/vapedschinni.com\/?post_type=product&#038;p=4781"},"modified":"2024-07-24T07:52:51","modified_gmt":"2024-07-24T05:52:51","slug":"deluxe-bar-love66","status":"publish","type":"product","link":"https:\/\/vapedschinni.com\/?product=deluxe-bar-love66","title":{"rendered":"DELUXE BAR &#8211; Love66"},"content":{"rendered":"<p>Tauchen Sie ein in die exotische Fruchtmischung von Love 66 mit der Deluxe Bar Vape. Diese Geschmacksrichtung bietet ein intensives und einzigartiges Aroma, das Sie bei jedem Zug genie\u00dfen k\u00f6nnen. Mit bis zu 18000 Z\u00fcgen ist diese Einweg-E-Zigarette perfekt f\u00fcr alle, die ein au\u00dfergew\u00f6hnliches Dampferlebnis suchen.<\/p>\n<p>&nbsp;<\/p>\n","protected":false},"excerpt":{"rendered":"<p>Exotische Fruchtmischung f\u00fcr ein intensives und einzigartiges Dampferlebnis. Bis zu 18000 Z\u00fcge.<\/p>\n<p>&nbsp;<\/p>\n","protected":false},"featured_media":0,"comment_status":"open","ping_status":"closed","template":"","meta":[],"product_cat":[222],"product_tag":[],"class_list":{"0":"post-4781","1":"product","2":"type-product","3":"status-publish","5":"product_cat-deluxe-bar","7":"first","8":"instock","9":"sale","10":"shipping-taxable","11":"purchasable","12":"product-type-simple","13":"col-xs-6 col-sm-4","14":"col-md-3 col-lg-3","15":"un-4-cols"},"_links":{"self":[{"href":"https:\/\/vapedschinni.com\/index.php?rest_route=\/wp\/v2\/product\/4781","targetHints":{"allow":["GET"]}}],"collection":[{"href":"https:\/\/vapedschinni.com\/index.php?rest_route=\/wp\/v2\/product"}],"about":[{"href":"https:\/\/vapedschinni.com\/index.php?rest_route=\/wp\/v2\/types\/product"}],"replies":[{"embeddable":true,"href":"https:\/\/vapedschinni.com\/index.php?rest_route=%2Fwp%2Fv2%2Fcomments&post=4781"}],"wp:attachment":[{"href":"https:\/\/vapedschinni.com\/index.php?rest_route=%2Fwp%2Fv2%2Fmedia&parent=4781"}],"wp:term":[{"taxonomy":"product_cat","embeddable":true,"href":"https:\/\/vapedschinni.com\/index.php?rest_route=%2Fwp%2Fv2%2Fproduct_cat&post=4781"},{"taxonomy":"product_tag","embeddable":true,"href":"https:\/\/vapedschinni.com\/index.php?rest_route=%2Fwp%2Fv2%2Fproduct_tag&post=4781"}],"curies":[{"name":"wp","href":"https:\/\/api.w.org\/{rel}","templated":true}]}}