{"id":4779,"date":"2024-07-24T06:36:10","date_gmt":"2024-07-24T04:36:10","guid":{"rendered":"https:\/\/vapedschinni.com\/?post_type=product&#038;p=4779"},"modified":"2024-07-24T07:52:35","modified_gmt":"2024-07-24T05:52:35","slug":"deluxe-bar-cherry-raspberry","status":"publish","type":"product","link":"https:\/\/vapedschinni.com\/?product=deluxe-bar-cherry-raspberry","title":{"rendered":"DELUXE BAR &#8211; Cherry \/ Raspberry"},"content":{"rendered":"<p>Entdecken Sie die fruchtige Explosion von Cherry Raspberry mit der Deluxe Bar Vape. Diese Geschmacksrichtung vereint den s\u00fc\u00dfen Geschmack von Kirschen mit der saftigen Note von Himbeeren f\u00fcr ein unvergleichliches Dampferlebnis. Mit bis zu 18000 Z\u00fcgen genie\u00dfen Sie wochenlangen fruchtigen Dampf ohne Nachf\u00fcllen oder Aufladen.<\/p>\n<p>&nbsp;<\/p>\n","protected":false},"excerpt":{"rendered":"<p>K\u00f6stliche Kombination aus s\u00fc\u00dfen Kirschen und saftigen Himbeeren. Bis zu 18000 Z\u00fcge f\u00fcr langanhaltenden Fruchtgenuss.<\/p>\n<p>&nbsp;<\/p>\n","protected":false},"featured_media":0,"comment_status":"open","ping_status":"closed","template":"","meta":[],"product_cat":[222],"product_tag":[],"class_list":{"0":"post-4779","1":"product","2":"type-product","3":"status-publish","5":"product_cat-deluxe-bar","7":"first","8":"instock","9":"sale","10":"shipping-taxable","11":"purchasable","12":"product-type-simple","13":"col-xs-6 col-sm-4","14":"col-md-3 col-lg-3","15":"un-4-cols"},"_links":{"self":[{"href":"https:\/\/vapedschinni.com\/index.php?rest_route=\/wp\/v2\/product\/4779","targetHints":{"allow":["GET"]}}],"collection":[{"href":"https:\/\/vapedschinni.com\/index.php?rest_route=\/wp\/v2\/product"}],"about":[{"href":"https:\/\/vapedschinni.com\/index.php?rest_route=\/wp\/v2\/types\/product"}],"replies":[{"embeddable":true,"href":"https:\/\/vapedschinni.com\/index.php?rest_route=%2Fwp%2Fv2%2Fcomments&post=4779"}],"wp:attachment":[{"href":"https:\/\/vapedschinni.com\/index.php?rest_route=%2Fwp%2Fv2%2Fmedia&parent=4779"}],"wp:term":[{"taxonomy":"product_cat","embeddable":true,"href":"https:\/\/vapedschinni.com\/index.php?rest_route=%2Fwp%2Fv2%2Fproduct_cat&post=4779"},{"taxonomy":"product_tag","embeddable":true,"href":"https:\/\/vapedschinni.com\/index.php?rest_route=%2Fwp%2Fv2%2Fproduct_tag&post=4779"}],"curies":[{"name":"wp","href":"https:\/\/api.w.org\/{rel}","templated":true}]}}